{"id":83,"date":"2014-05-21T20:50:20","date_gmt":"2014-05-21T18:50:20","guid":{"rendered":"http:\/\/www.morgensport.at\/?page_id=83"},"modified":"2024-09-06T11:06:58","modified_gmt":"2024-09-06T09:06:58","slug":"selbst-test","status":"publish","type":"page","link":"https:\/\/www.nachhaltiger-sport.at\/alpin\/selbst-test\/","title":{"rendered":"Selfcheck Skitouren\/Freeriding"},"content":{"rendered":"\t\t<div data-elementor-type=\"wp-page\" data-elementor-id=\"83\" class=\"elementor elementor-83\">\n\t\t\t\t\t\t<section class=\"elementor-section elementor-top-section elementor-element elementor-element-31445df7 elementor-section-boxed elementor-section-height-default elementor-section-height-default wpr-particle-no wpr-jarallax-no wpr-parallax-no wpr-sticky-section-no wpr-equal-height-no\" data-id=\"31445df7\" data-element_type=\"section\" data-e-type=\"section\">\n\t\t\t\t\t\t<div class=\"elementor-container elementor-column-gap-default\">\n\t\t\t\t\t<div class=\"elementor-column elementor-col-100 elementor-top-column elementor-element elementor-element-d5a285b\" data-id=\"d5a285b\" data-element_type=\"column\" data-e-type=\"column\">\n\t\t\t<div class=\"elementor-widget-wrap elementor-element-populated\">\n\t\t\t\t\t\t<div class=\"elementor-element elementor-element-66f82060 elementor-widget elementor-widget-text-editor\" data-id=\"66f82060\" data-element_type=\"widget\" data-e-type=\"widget\" data-widget_type=\"text-editor.default\">\n\t\t\t\t<div class=\"elementor-widget-container\">\n\t\t\t\t\t\t\t\t\t<p>Der Selbsttest soll ihnen helfen, die derzeitige Nachhaltigkeit ihrer Sportorganisation zu erheben, und weitere Potentiale zu erkennen. Die Ergebnisse werden von uns weder gespeichert noch kontrolliert. Der &#8222;Selfcheck Skitouren\/Freeriding&#8220; wurde vom Umweltbundesamt im Auftrag des Bundesministeriums f\u00fcr Landwirtschaft, Regionen und Tourismus partizipativ entwickelt. An dieser Stelle wird allen Teilnehmer:innen an den partizipativen Prozessen gedankt sowie auch Ao.Univ.Prof. Dipl.-Ing. Dr.nat.techn. Christiane Brandenburg (Institut f\u00fcr Landschaftsentwicklung, Erholungs- und Naturschutzplanung &#8211; ILEN, der Universit\u00e4t f\u00fcr Bodenkultur Wien).<\/p>\n<h3>Warum sollte sich ein Verein mit Nachhaltigkeitsaspekten besch\u00e4ftigen?<\/h3>\n<ul>\n<li>Der Verein \u00fcbernimmt neben den sportlichen Hauptzweck auch Verantwortung f\u00fcr Umwelt und Gesellschaft, Toleranz sowie soziales Engagement und sollte eine dementsprechende Vorbildwirkung einnehmen<\/li>\n<li>Der Verein kann eine Vision \/ ein Leitbild einer positiven Zukunft f\u00fcr die eigene Vereinsentwicklung und f\u00fcr die Jugend zu nachhaltigerem Handeln schaffen<\/li>\n<li>Damit kann der Verein ein positives Image schaffen und sich durch zukunftsorientiertes, umweltgerechteres und sozialeres Vereinsgebaren gegen\u00fcber anderen Institutionen abgrenzen<\/li>\n<li>In Zukunft k\u00f6nnten mit der transparenten und nachvollziehbaren Darstellung der Nachhaltigkeitsperformance des Vereins (zus\u00e4tzliche) F\u00f6rderungen lukriert werden<\/li>\n<\/ul>\n<h3>F\u00fcr die folgenden Sportarten bzw. Sportvereinstypen wurden die vorliegenden Nachhaltigkeitsindikatoren in erster Linie entwickelt<\/h3>\n<ul>\n<li>Klassische \u201eBallteamsportarten\u201c, wie z. B. Fu\u00dfball, Volleyball, Handball, Basketball, American Football; gemeinsam betriebene Sportarten (z. B. Judo, Zumba, Yoga, Turnen, Pilates etc.) und Leichtathletik<\/li>\n<li>Es werden Indoor-Sportanlagen, Outdoor-Sportanlagen (Rasen\/Nichtrasen) oder ein Mix aus Indoor\/Outdoor-Sportanlagen genutzt, ob gemietet\/gepachtet oder im eigenen Besitz, mit oder ohne Kantinenbetrieb<\/li>\n<li>Hobbyvereine und Vereine, die sowohl \u00fcberregional (Bundesl\u00e4nder\u00fcbergreifend wie Bundesliga, Regionalliga, \u2026) und regional (innerhalb eines Bundeslandes wie Landesliga, Gebietsliga, \u2026) an Meisterschaften teilnehmen sowie Vereine, die regelm\u00e4\u00dfig oder nur periodisch (Hobbybetrieb) an Turnieren teilnehmen, Einsparten- oder Mehrspartensportvereine<\/li>\n<\/ul>\n<h3>An wen richten sich die Nachhaltigkeitsindikatoren (Auswahl) und welche Funktionen erf\u00fcllen sie?<\/h3>\n<ul>\n<li>Vereinsfunktion\u00e4rInnen des eigenen Vereins:\n<ul>\n<li>zur Information,<\/li>\n<li>um Verbesserungspotenziale zu identifizieren,<\/li>\n<li>vor allem um Stabilisierungs- und Verbesserungsma\u00dfnahmen zu planen und umzusetzen,<\/li>\n<li>um F\u00f6rderungen lukrieren zu k\u00f6nnen<\/li>\n<\/ul>\n<\/li>\n<li>Mitglieder des Vereins: zur Information und vor allem um Verbesserungsma\u00dfnahmen umzusetzen<\/li>\n<li>Potentielle Mitglieder des Vereins: zus\u00e4tzlich zum sportlichen Nutzen kann ein zukunftsorientiertes Image vermittelt werden<\/li>\n<li>Breite \u00d6ffentlichkeit: zur Information<\/li>\n<li>Vereinsfunktion\u00e4rInnen anderer Vereine: zur Information und zum gegenseitigen Voneinander-Lernen<\/li>\n<li>Entscheidungstr\u00e4gerInnen in Politik und Verwaltung: zur Information, aber auch als Beleg daf\u00fcr, was der Verein zur nachhaltigen Entwicklung in der Gemeinde, Region etc. beitr\u00e4gt, um etwa die Effizienz von F\u00f6rderungen nachweisen zu k\u00f6nnen<\/li>\n<li>Presse &#8211; Medien: zur Information<\/li>\n<\/ul>\n<h3>Wo k\u00f6nnen diese vom Verein ver\u00f6ffentlicht werden?<\/h3>\n<ul>\n<li>in der eigenen Vereinszeitschrift<\/li>\n<li>\u00fcber die Vereinshomepage und Social Media<\/li>\n<li>beim Dachverband, -organisation<\/li>\n<li>in Schauk\u00e4sten (falls vorhanden)<\/li>\n<li>in der Verbandszeitschrift<\/li>\n<li>in der Gemeindezeitung<\/li>\n<li>Presse und (Sport-)Medien anbieten<\/li>\n<\/ul>\n<h3>Wie funktioniert der Selbsttest, und was passiert mit den Daten?<\/h3>\n<p>Im Rahmen des Selbsttests werden Ihnen eine Reihe von Fragen zur derzeitigen Nachhaltigkeit ihrer Organisation gestellt. Es ist keine Eingabe von pers\u00f6nlichen Daten wie Name oder Anschrift n\u00f6tig. Die Angaben dienen lediglich zu ihrer Selbsteinsch\u00e4tzung, die Daten werden daher auch nur tempor\u00e4r gespeichert, und nach Abschluss des Tests von uns weder eingesehen noch weiterverwendet. Diesen tempor\u00e4ren Speicher k\u00f6nnen Sie jederzeit leeren, indem Sie auf den Link &#8222;l\u00f6schen&#8220; unterhalb der Testfragen klicken, unabh\u00e4ngig davon wird das daf\u00fcr verwendete Cookie auch einige Tage nach ihrem letzten Besuch auf unserer Seite automatisch durch Ihren Webbrowser gel\u00f6scht.<\/p>\n<p><\/p>\n<div class=\"is-content-justification-center is-layout-flex wp-container-core-buttons-is-layout-16018d1d wp-block-buttons-is-layout-flex\">\n<p><\/p>\n<\/div>\n<p><\/p>\t\t\t\t\t\t\t\t<\/div>\n\t\t\t\t<\/div>\n\t\t\t\t\t<\/div>\n\t\t<\/div>\n\t\t\t\t\t<\/div>\n\t\t<\/section>\n\t\t\t\t<section class=\"elementor-section elementor-top-section elementor-element elementor-element-3a584e3 elementor-section-boxed elementor-section-height-default elementor-section-height-default wpr-particle-no wpr-jarallax-no wpr-parallax-no wpr-sticky-section-no wpr-equal-height-no\" data-id=\"3a584e3\" data-element_type=\"section\" data-e-type=\"section\">\n\t\t\t\t\t\t<div class=\"elementor-container elementor-column-gap-default\">\n\t\t\t\t\t<div class=\"elementor-column elementor-col-100 elementor-top-column elementor-element elementor-element-ab61d16\" data-id=\"ab61d16\" data-element_type=\"column\" data-e-type=\"column\">\n\t\t\t<div class=\"elementor-widget-wrap elementor-element-populated\">\n\t\t\t\t\t\t<div class=\"elementor-element elementor-element-c4401e0 elementor-widget elementor-widget-button\" data-id=\"c4401e0\" data-element_type=\"widget\" data-e-type=\"widget\" data-widget_type=\"button.default\">\n\t\t\t\t<div class=\"elementor-widget-container\">\n\t\t\t\t\t\t\t\t\t<div class=\"elementor-button-wrapper\">\n\t\t\t\t\t<a class=\"elementor-button elementor-button-link elementor-size-sm\" href=\"\/alpin\/selbsttest-fragen\/\">\n\t\t\t\t\t\t<span class=\"elementor-button-content-wrapper\">\n\t\t\t\t\t\t\t\t\t<span class=\"elementor-button-text\">Selbsttest starten<\/span>\n\t\t\t\t\t<\/span>\n\t\t\t\t\t<\/a>\n\t\t\t\t<\/div>\n\t\t\t\t\t\t\t\t<\/div>\n\t\t\t\t<\/div>\n\t\t\t\t\t<\/div>\n\t\t<\/div>\n\t\t\t\t\t<\/div>\n\t\t<\/section>\n\t\t\t\t<\/div>\n\t\t","protected":false},"excerpt":{"rendered":"<p>Der Selbsttest soll ihnen helfen, die derzeitige Nachhaltigkeit ihrer Sportorganisation zu erheben, und weitere Potentiale zu erkennen. Die Ergebnisse werden von uns weder gespeichert noch kontrolliert. Der &#8222;Selfcheck Skitouren\/Freeriding&#8220; wurde vom Umweltbundesamt im Auftrag des Bundesministeriums f\u00fcr Landwirtschaft, Regionen und Tourismus partizipativ entwickelt. An dieser Stelle wird allen Teilnehmer:innen an den partizipativen Prozessen gedankt sowie auch Ao.Univ.Prof. Dipl.-Ing. Dr.nat.techn. Christiane Brandenburg (Institut f\u00fcr Landschaftsentwicklung, Erholungs- und Naturschutzplanung &#8211; ILEN, der Universit\u00e4t f\u00fcr Bodenkultur Wien). Warum sollte sich ein Verein mit Nachhaltigkeitsaspekten besch\u00e4ftigen? Der Verein \u00fcbernimmt neben den sportlichen Hauptzweck auch Verantwortung f\u00fcr Umwelt und Gesellschaft, Toleranz sowie soziales Engagement und sollte eine dementsprechende Vorbildwirkung einnehmen Der Verein kann eine Vision \/ ein Leitbild einer positiven Zukunft f\u00fcr die eigene Vereinsentwicklung und f\u00fcr die Jugend zu nachhaltigerem Handeln schaffen Damit kann der Verein ein positives Image schaffen und sich durch zukunftsorientiertes, umweltgerechteres und sozialeres Vereinsgebaren gegen\u00fcber anderen Institutionen abgrenzen In Zukunft k\u00f6nnten mit der transparenten und nachvollziehbaren Darstellung der Nachhaltigkeitsperformance des Vereins (zus\u00e4tzliche) F\u00f6rderungen lukriert werden F\u00fcr die folgenden Sportarten bzw. Sportvereinstypen wurden die vorliegenden Nachhaltigkeitsindikatoren in erster Linie entwickelt Klassische \u201eBallteamsportarten\u201c, wie z. B. Fu\u00dfball, Volleyball, Handball, Basketball, American Football; gemeinsam betriebene Sportarten (z. B. Judo, Zumba, Yoga, Turnen, Pilates etc.) und Leichtathletik Es werden Indoor-Sportanlagen, Outdoor-Sportanlagen (Rasen\/Nichtrasen) oder ein Mix aus Indoor\/Outdoor-Sportanlagen genutzt, ob gemietet\/gepachtet oder im eigenen Besitz, mit oder ohne Kantinenbetrieb Hobbyvereine und Vereine, die sowohl \u00fcberregional (Bundesl\u00e4nder\u00fcbergreifend wie Bundesliga, Regionalliga, \u2026) und regional (innerhalb eines Bundeslandes wie Landesliga, Gebietsliga, \u2026) an Meisterschaften teilnehmen sowie Vereine, die regelm\u00e4\u00dfig oder nur periodisch (Hobbybetrieb) an Turnieren teilnehmen, Einsparten- oder Mehrspartensportvereine An wen richten sich die Nachhaltigkeitsindikatoren (Auswahl) und welche Funktionen erf\u00fcllen sie? Vereinsfunktion\u00e4rInnen des eigenen Vereins: zur Information, um Verbesserungspotenziale zu identifizieren, vor allem um Stabilisierungs- und Verbesserungsma\u00dfnahmen zu planen und umzusetzen, um F\u00f6rderungen lukrieren zu k\u00f6nnen Mitglieder des Vereins: zur Information und vor allem um Verbesserungsma\u00dfnahmen umzusetzen Potentielle Mitglieder des Vereins: zus\u00e4tzlich zum sportlichen Nutzen kann ein zukunftsorientiertes Image vermittelt werden Breite \u00d6ffentlichkeit: zur Information Vereinsfunktion\u00e4rInnen anderer Vereine: zur Information und zum gegenseitigen Voneinander-Lernen Entscheidungstr\u00e4gerInnen in Politik und Verwaltung: zur Information, aber auch als Beleg daf\u00fcr, was der Verein zur nachhaltigen Entwicklung in der Gemeinde, Region etc. beitr\u00e4gt, um etwa die Effizienz von F\u00f6rderungen nachweisen zu k\u00f6nnen Presse &#8211; Medien: zur Information Wo k\u00f6nnen diese vom Verein ver\u00f6ffentlicht werden? in der eigenen Vereinszeitschrift \u00fcber die Vereinshomepage und Social Media beim Dachverband, -organisation in Schauk\u00e4sten (falls vorhanden) in der Verbandszeitschrift in der Gemeindezeitung Presse und (Sport-)Medien anbieten Wie funktioniert der Selbsttest, und was passiert mit den Daten? Im Rahmen des Selbsttests werden Ihnen eine Reihe von Fragen zur derzeitigen Nachhaltigkeit ihrer Organisation gestellt. Es ist keine Eingabe von pers\u00f6nlichen Daten wie Name oder Anschrift n\u00f6tig. Die Angaben dienen lediglich zu ihrer Selbsteinsch\u00e4tzung, die Daten werden daher auch nur tempor\u00e4r gespeichert, und nach Abschluss des Tests von uns weder eingesehen noch weiterverwendet. Diesen tempor\u00e4ren Speicher k\u00f6nnen Sie jederzeit leeren, indem Sie auf den Link &#8222;l\u00f6schen&#8220; unterhalb der Testfragen klicken, unabh\u00e4ngig davon wird das daf\u00fcr verwendete Cookie auch einige Tage nach ihrem letzten Besuch auf unserer Seite automatisch durch Ihren Webbrowser gel\u00f6scht. Selbsttest starten<\/p>\n","protected":false},"author":1,"featured_media":0,"parent":0,"menu_order":0,"comment_status":"closed","ping_status":"closed","template":"","meta":{"_kad_post_transparent":"","_kad_post_title":"","_kad_post_layout":"","_kad_post_sidebar_id":"","_kad_post_content_style":"","_kad_post_vertical_padding":"","_kad_post_feature":"","_kad_post_feature_position":"","_kad_post_header":false,"_kad_post_footer":false,"_kad_post_classname":"","footnotes":""},"class_list":["post-83","page","type-page","status-publish","hentry"],"_links":{"self":[{"href":"https:\/\/www.nachhaltiger-sport.at\/alpin\/wp-json\/wp\/v2\/pages\/83","targetHints":{"allow":["GET"]}}],"collection":[{"href":"https:\/\/www.nachhaltiger-sport.at\/alpin\/wp-json\/wp\/v2\/pages"}],"about":[{"href":"https:\/\/www.nachhaltiger-sport.at\/alpin\/wp-json\/wp\/v2\/types\/page"}],"author":[{"embeddable":true,"href":"https:\/\/www.nachhaltiger-sport.at\/alpin\/wp-json\/wp\/v2\/users\/1"}],"replies":[{"embeddable":true,"href":"https:\/\/www.nachhaltiger-sport.at\/alpin\/wp-json\/wp\/v2\/comments?post=83"}],"version-history":[{"count":16,"href":"https:\/\/www.nachhaltiger-sport.at\/alpin\/wp-json\/wp\/v2\/pages\/83\/revisions"}],"predecessor-version":[{"id":2773,"href":"https:\/\/www.nachhaltiger-sport.at\/alpin\/wp-json\/wp\/v2\/pages\/83\/revisions\/2773"}],"wp:attachment":[{"href":"https:\/\/www.nachhaltiger-sport.at\/alpin\/wp-json\/wp\/v2\/media?parent=83"}],"curies":[{"name":"wp","href":"https:\/\/api.w.org\/{rel}","templated":true}]}}